{"id":61,"date":"2015-09-09T12:00:31","date_gmt":"2015-09-09T12:00:31","guid":{"rendered":"http:\/\/tamoz.co.mz\/wp-tamoz\/?page_id=61"},"modified":"2015-09-29T17:04:42","modified_gmt":"2015-09-29T16:04:42","slug":"termolacagem","status":"publish","type":"page","link":"https:\/\/tamoz.co.mz\/wp-tamoz\/index.php\/termolacagem\/","title":{"rendered":"Termolacagem"},"content":{"rendered":"<p>A tamoz<sup>\u00a9<\/sup> disp\u00f5e de duas linhas de lacagem horizontal, permitindo com maior rapidez oferecer ao mercado um maior n\u00famero de op\u00e7\u00f5es de cores, selecionadas por cat\u00e1logo ou por encomenda espec\u00edfica.<\/p>\n<p>O processo de Termolacagem \u00e9 um tratamento de superf\u00edcie de perfis de alum\u00ednio atrav\u00e9s de um processo de pintura com base em p\u00f3s de poli\u00e9ster termo-endureciveis, aplicados ap\u00f3s um ciclo de pr\u00e9-tratamento cuja principal finalidade \u00e9 a de proteger os perfis da pintura.<\/p>\n<p>O revestimento obtido \u00e9 designado por lacagem ou termolacagem, e a sua espessura deve ser superior a 60\u00b5m.<\/p>\n<p>&nbsp;<\/p>\n<p>A Tamoz disp\u00f5e de uma paleta de 10 cores:<\/p>\n<div id=\"table-1\" class=\"shortcode table center \"><style scoped><\/style><table>\n<p><tbody><\/p>\n<p><tr><\/p>\n<p><td colspan=\"1\" rowspan=\"1\"><div id=\"ninzio-cbox-1\" data-id=\"ninzio-cbox-1\" class=\"ninzio-cbox shortcode container-shortcode align-center ninzio-clearfix\" style=\"width:130px;padding:20px 20px 20px 20px;border-radius:3px;border-width:1px; border-style:solid;border-color:#000000;background-color:#ffffff;color:#000000;\">9110: branco brilhante<\/div><div class=\"inline-ninzio-clearfix\"><\/div><\/td><\/p>\n<p><td colspan=\"1\" rowspan=\"1\"><div id=\"ninzio-cbox-2\" data-id=\"ninzio-cbox-2\" class=\"ninzio-cbox shortcode container-shortcode align-center ninzio-clearfix\" style=\"width:130px;padding:20px 20px 20px 20px;border-radius:3px;background-color:#f1f0ea;color:#000000;\">RAL 9016T: branco texturado<\/div><div class=\"inline-ninzio-clearfix\"><\/div><\/td><\/p>\n<p><td colspan=\"1\" rowspan=\"1\"><div id=\"ninzio-cbox-3\" data-id=\"ninzio-cbox-3\" class=\"ninzio-cbox shortcode container-shortcode align-center ninzio-clearfix\" style=\"width:130px;padding:20px 20px 20px 20px;border-radius:3px;border-width:1px; border-style:solid;background-color:#594839;color:#ffffff;\">RM287L \u2013 castanho mate<\/div><div class=\"inline-ninzio-clearfix\"><\/div><\/td><\/p>\n<p><\/tr><\/p>\n<p><tr><\/p>\n<p><td colspan=\"1\" rowspan=\"1\"><div id=\"ninzio-cbox-4\" data-id=\"ninzio-cbox-4\" class=\"ninzio-cbox shortcode container-shortcode align-center ninzio-clearfix\" style=\"width:130px;padding:20px 20px 20px 20px;border-radius:3px;border-width:1px; border-style:solid;background-color:#4a3526;color:#ffffff;\">RAL 8014T- castanho texturado<\/div><div class=\"inline-ninzio-clearfix\"><\/div><\/td><\/p>\n<p><td colspan=\"1\" rowspan=\"1\"><div id=\"ninzio-cbox-5\" data-id=\"ninzio-cbox-5\" class=\"ninzio-cbox shortcode container-shortcode align-center ninzio-clearfix\" style=\"width:130px;padding:20px 20px 20px 20px;border-radius:3px;background-color:#a1a1a0;color:#ffffff;\">RAL 9006M \u2013 cinza mate<\/div><div class=\"inline-ninzio-clearfix\"><\/div><\/td><\/p>\n<p><td colspan=\"1\" rowspan=\"1\"><div id=\"ninzio-cbox-6\" data-id=\"ninzio-cbox-6\" class=\"ninzio-cbox shortcode container-shortcode align-center ninzio-clearfix\" style=\"width:130px;padding:20px 20px 20px 20px;border-radius:3px;background-color:#0e0e10;color:#ffffff;\">RAL 9005T \u2013 preto texturado<\/div><div class=\"inline-ninzio-clearfix\"><\/div><\/td><\/p>\n<p><\/tr><\/p>\n<p><tr><\/p>\n<p><td colspan=\"1\" rowspan=\"1\"><div id=\"ninzio-cbox-7\" data-id=\"ninzio-cbox-7\" class=\"ninzio-cbox shortcode container-shortcode align-center ninzio-clearfix\" style=\"width:130px;padding:20px 20px 20px 20px;border-radius:3px;background-color:#e6d2b5;color:#000000;\">RAL 1015T \u2013 bege texturado<\/div><div class=\"inline-ninzio-clearfix\"><\/div><\/td><\/p>\n<p><td colspan=\"1\" rowspan=\"1\"><div id=\"ninzio-cbox-8\" data-id=\"ninzio-cbox-8\" class=\"ninzio-cbox shortcode container-shortcode align-center ninzio-clearfix\" style=\"width:130px;padding:20px 20px 20px 20px;border-radius:3px;background-color:#114232;color:#ffffff;\">RAL 6005T \u2013 verde texturado<\/div><div class=\"inline-ninzio-clearfix\"><\/div><\/td><\/p>\n<p><td colspan=\"1\" rowspan=\"1\"><div id=\"ninzio-cbox-9\" data-id=\"ninzio-cbox-9\" class=\"ninzio-cbox shortcode container-shortcode align-center ninzio-clearfix\" style=\"width:130px;padding:20px 20px 20px 20px;border-radius:3px;background-color:#59191f;color:#ffffff;\">RAL 3005T \u2013 bord\u00f4 texturado<\/div><div class=\"inline-ninzio-clearfix\"><\/div><\/td><\/p>\n<p><\/tr><\/p>\n<p><tr><\/p>\n<p><td colspan=\"1\" rowspan=\"1\"><div id=\"ninzio-cbox-10\" data-id=\"ninzio-cbox-10\" class=\"ninzio-cbox shortcode container-shortcode align-center ninzio-clearfix\" style=\"width:130px;padding:20px 20px 20px 20px;border-radius:3px;background-color:#383e42;color:#ffffff;\">RAL 7016T \u2013 cinza Texturado<\/div><div class=\"inline-ninzio-clearfix\"><\/div><\/td><\/p>\n<p><\/tr><\/p>\n<p><\/tbody><\/p>\n<\/table><\/div>\n<span style=\"font-size:11px !important; line-height:26px !important;\" class=\"ninzio-font-size\"><strong>*As cores indicadas s\u00e3o uma representa\u00e7\u00e3o gr\u00e1fica e podem n\u00e3o corresponder \u00e0 realidade no produto final<\/strong><\/span>\n","protected":false},"excerpt":{"rendered":"<p>A tamoz\u00a9 disp\u00f5e de duas linhas de lacagem horizontal, permitindo com maior rapidez oferecer ao mercado um maior n\u00famero de op\u00e7\u00f5es de cores, selecionadas por cat\u00e1logo ou por encomenda espec\u00edfica. O processo de Termolacagem \u00e9 um tratamento de superf\u00edcie de perfis de alum\u00ednio atrav\u00e9s de um processo de pintura com base em p\u00f3s de poli\u00e9ster [&hellip;]<\/p>\n","protected":false},"author":1,"featured_media":0,"parent":0,"menu_order":0,"comment_status":"closed","ping_status":"closed","template":"","meta":[],"_links":{"self":[{"href":"https:\/\/tamoz.co.mz\/wp-tamoz\/index.php\/wp-json\/wp\/v2\/pages\/61"}],"collection":[{"href":"https:\/\/tamoz.co.mz\/wp-tamoz\/index.php\/wp-json\/wp\/v2\/pages"}],"about":[{"href":"https:\/\/tamoz.co.mz\/wp-tamoz\/index.php\/wp-json\/wp\/v2\/types\/page"}],"author":[{"embeddable":true,"href":"https:\/\/tamoz.co.mz\/wp-tamoz\/index.php\/wp-json\/wp\/v2\/users\/1"}],"replies":[{"embeddable":true,"href":"https:\/\/tamoz.co.mz\/wp-tamoz\/index.php\/wp-json\/wp\/v2\/comments?post=61"}],"version-history":[{"count":57,"href":"https:\/\/tamoz.co.mz\/wp-tamoz\/index.php\/wp-json\/wp\/v2\/pages\/61\/revisions"}],"predecessor-version":[{"id":457,"href":"https:\/\/tamoz.co.mz\/wp-tamoz\/index.php\/wp-json\/wp\/v2\/pages\/61\/revisions\/457"}],"wp:attachment":[{"href":"https:\/\/tamoz.co.mz\/wp-tamoz\/index.php\/wp-json\/wp\/v2\/media?parent=61"}],"curies":[{"name":"wp","href":"https:\/\/api.w.org\/{rel}","templated":true}]}}