{"id":56,"date":"2015-09-09T11:57:10","date_gmt":"2015-09-09T11:57:10","guid":{"rendered":"http:\/\/tamoz.co.mz\/wp-tamoz\/?page_id=56"},"modified":"2015-09-15T10:19:48","modified_gmt":"2015-09-15T10:19:48","slug":"responsabilidade","status":"publish","type":"page","link":"https:\/\/tamoz.co.mz\/wp-tamoz\/index.php\/responsabilidade\/","title":{"rendered":"Responsabilidade"},"content":{"rendered":"<p><strong>Responsabilidade Social <\/strong><\/p>\n<p>Para a tamoz<sup>\u00a9<\/sup> os Recursos Humanos s\u00e3o o motor de for\u00e7a de arranque de uma organiza\u00e7\u00e3o, constituindo o principal ativo das empresas, no qual assenta o desenvolvimento estrat\u00e9gico e a sua principal diferencia\u00e7\u00e3o da concorr\u00eancia.<\/p>\n<p><strong>Responsabilidade Ambiental <\/strong><\/p>\n<p>A tamoz<sup>\u00a9<\/sup> d\u00e1 in\u00edcio \u00e0 sua atividade industrial dando especial aten\u00e7\u00e3o \u00e0 preserva\u00e7\u00e3o do meio ambiente e do seu desenvolvimento sustent\u00e1vel. Para o efeito, a tamoz<sup>\u00a9<\/sup> tem instalada uma ETAR (Esta\u00e7\u00e3o de Tratamento de \u00c1guas Residuais) que trata de todos os seus efluentes l\u00edquidos industriais, favorecendo deste modo a preserva\u00e7\u00e3o do meio ambiente. Al\u00e9m disso, os seus res\u00edduos s\u00e3o corretamente separados e encaminhados para operadores de gest\u00e3o de res\u00edduos licenciados para a rece\u00e7\u00e3o destes res\u00edduos.<\/p>\n<p>&nbsp;<\/p>\n","protected":false},"excerpt":{"rendered":"<p>Responsabilidade Social Para a tamoz\u00a9 os Recursos Humanos s\u00e3o o motor de for\u00e7a de arranque de uma organiza\u00e7\u00e3o, constituindo o principal ativo das empresas, no qual assenta o desenvolvimento estrat\u00e9gico e a sua principal diferencia\u00e7\u00e3o da concorr\u00eancia. Responsabilidade Ambiental A tamoz\u00a9 d\u00e1 in\u00edcio \u00e0 sua atividade industrial dando especial aten\u00e7\u00e3o \u00e0 preserva\u00e7\u00e3o do meio ambiente [&hellip;]<\/p>\n","protected":false},"author":1,"featured_media":0,"parent":0,"menu_order":0,"comment_status":"closed","ping_status":"closed","template":"","meta":[],"_links":{"self":[{"href":"https:\/\/tamoz.co.mz\/wp-tamoz\/index.php\/wp-json\/wp\/v2\/pages\/56"}],"collection":[{"href":"https:\/\/tamoz.co.mz\/wp-tamoz\/index.php\/wp-json\/wp\/v2\/pages"}],"about":[{"href":"https:\/\/tamoz.co.mz\/wp-tamoz\/index.php\/wp-json\/wp\/v2\/types\/page"}],"author":[{"embeddable":true,"href":"https:\/\/tamoz.co.mz\/wp-tamoz\/index.php\/wp-json\/wp\/v2\/users\/1"}],"replies":[{"embeddable":true,"href":"https:\/\/tamoz.co.mz\/wp-tamoz\/index.php\/wp-json\/wp\/v2\/comments?post=56"}],"version-history":[{"count":3,"href":"https:\/\/tamoz.co.mz\/wp-tamoz\/index.php\/wp-json\/wp\/v2\/pages\/56\/revisions"}],"predecessor-version":[{"id":426,"href":"https:\/\/tamoz.co.mz\/wp-tamoz\/index.php\/wp-json\/wp\/v2\/pages\/56\/revisions\/426"}],"wp:attachment":[{"href":"https:\/\/tamoz.co.mz\/wp-tamoz\/index.php\/wp-json\/wp\/v2\/media?parent=56"}],"curies":[{"name":"wp","href":"https:\/\/api.w.org\/{rel}","templated":true}]}}