{"id":53,"date":"2015-09-09T11:55:24","date_gmt":"2015-09-09T11:55:24","guid":{"rendered":"http:\/\/tamoz.co.mz\/wp-tamoz\/?page_id=53"},"modified":"2015-09-15T10:22:41","modified_gmt":"2015-09-15T10:22:41","slug":"qualidade","status":"publish","type":"page","link":"https:\/\/tamoz.co.mz\/wp-tamoz\/index.php\/qualidade\/","title":{"rendered":"Qualidade"},"content":{"rendered":"<p>Utilizando mat\u00e9rias-primas das principais marcas europeias de p\u00f3s de tintas e afins, a tamoz<sup>\u00a9<\/sup> serve-se de uma equipa t\u00e9cnica com larga experi\u00eancia no sector e de um laborat\u00f3rio de ensaios dotado de equipamentos, que asseguram o controlo de qualidade nas diferentes fases do processo de lacagem, sendo assegurado pelas metodologias dos padr\u00f5es de qualidade Qualicoat no tratamento de lacagem de superf\u00edcie de perfis de alum\u00ednio.<\/p>\n<p>No processo de lacagem, os perfis de alum\u00ednio s\u00e3o submetidos a diversos testes de ensaios, nomeadamente ao: Brilho | Ader\u00eancia | Dureza de penetra\u00e7\u00e3o | Embutimento de Resist\u00eancia | Ensaio de choque | Dobragem com mandril cil\u00edndrico | Espessura de revestimento | Tonalidade | Ensaio Machu.<\/p>\n<p>A tamoz<sup>\u00a9<\/sup> garante o controlo de qualidade durante o processo de fabrico e do produto final atrav\u00e9s:<\/p>\n<ul>\n<li>do laborat\u00f3rio interno que atesta a Qualidade nas diferentes fases do processo de lacagem, garantindo a qualidade final do produto,<\/li>\n<li>por v\u00e1rios postos de controlo ao longo do processo de lacagem e embalagem do material.<\/li>\n<\/ul>\n","protected":false},"excerpt":{"rendered":"<p>Utilizando mat\u00e9rias-primas das principais marcas europeias de p\u00f3s de tintas e afins, a tamoz\u00a9 serve-se de uma equipa t\u00e9cnica com larga experi\u00eancia no sector e de um laborat\u00f3rio de ensaios dotado de equipamentos, que asseguram o controlo de qualidade nas diferentes fases do processo de lacagem, sendo assegurado pelas metodologias dos padr\u00f5es de qualidade Qualicoat [&hellip;]<\/p>\n","protected":false},"author":1,"featured_media":0,"parent":0,"menu_order":0,"comment_status":"closed","ping_status":"closed","template":"","meta":[],"_links":{"self":[{"href":"https:\/\/tamoz.co.mz\/wp-tamoz\/index.php\/wp-json\/wp\/v2\/pages\/53"}],"collection":[{"href":"https:\/\/tamoz.co.mz\/wp-tamoz\/index.php\/wp-json\/wp\/v2\/pages"}],"about":[{"href":"https:\/\/tamoz.co.mz\/wp-tamoz\/index.php\/wp-json\/wp\/v2\/types\/page"}],"author":[{"embeddable":true,"href":"https:\/\/tamoz.co.mz\/wp-tamoz\/index.php\/wp-json\/wp\/v2\/users\/1"}],"replies":[{"embeddable":true,"href":"https:\/\/tamoz.co.mz\/wp-tamoz\/index.php\/wp-json\/wp\/v2\/comments?post=53"}],"version-history":[{"count":4,"href":"https:\/\/tamoz.co.mz\/wp-tamoz\/index.php\/wp-json\/wp\/v2\/pages\/53\/revisions"}],"predecessor-version":[{"id":427,"href":"https:\/\/tamoz.co.mz\/wp-tamoz\/index.php\/wp-json\/wp\/v2\/pages\/53\/revisions\/427"}],"wp:attachment":[{"href":"https:\/\/tamoz.co.mz\/wp-tamoz\/index.php\/wp-json\/wp\/v2\/media?parent=53"}],"curies":[{"name":"wp","href":"https:\/\/api.w.org\/{rel}","templated":true}]}}