{"id":50,"date":"2015-09-09T11:53:13","date_gmt":"2015-09-09T11:53:13","guid":{"rendered":"http:\/\/tamoz.co.mz\/wp-tamoz\/?page_id=50"},"modified":"2015-09-14T17:39:10","modified_gmt":"2015-09-14T17:39:10","slug":"embalagem","status":"publish","type":"page","link":"https:\/\/tamoz.co.mz\/wp-tamoz\/index.php\/embalagem\/","title":{"rendered":"Embalagem"},"content":{"rendered":"<p>A tamoz<sup>\u00a9<\/sup> possui colaboradores formados para efetuarem uma embalagem totalmente personalizada, de acordo com os requisitos do cliente ou exig\u00eancias do pr\u00f3prio perfil. Os v\u00e1rios tipos de embalagem v\u00e3o desde a simples aplica\u00e7\u00e3o de papel entre os perfis, \u00e0 prote\u00e7\u00e3o dos perfis com pelicula aderente, ou combina\u00e7\u00e3o dos dois, utilizando de v\u00e1rios tipos de cart\u00e3o para maior prote\u00e7\u00e3o do material, garantindo desta forma a conformidade dos perfis lacados.<\/p>\n","protected":false},"excerpt":{"rendered":"<p>A tamoz\u00a9 possui colaboradores formados para efetuarem uma embalagem totalmente personalizada, de acordo com os requisitos do cliente ou exig\u00eancias do pr\u00f3prio perfil. Os v\u00e1rios tipos de embalagem v\u00e3o desde a simples aplica\u00e7\u00e3o de papel entre os perfis, \u00e0 prote\u00e7\u00e3o dos perfis com pelicula aderente, ou combina\u00e7\u00e3o dos dois, utilizando de v\u00e1rios tipos de cart\u00e3o [&hellip;]<\/p>\n","protected":false},"author":1,"featured_media":0,"parent":0,"menu_order":0,"comment_status":"closed","ping_status":"closed","template":"","meta":[],"_links":{"self":[{"href":"https:\/\/tamoz.co.mz\/wp-tamoz\/index.php\/wp-json\/wp\/v2\/pages\/50"}],"collection":[{"href":"https:\/\/tamoz.co.mz\/wp-tamoz\/index.php\/wp-json\/wp\/v2\/pages"}],"about":[{"href":"https:\/\/tamoz.co.mz\/wp-tamoz\/index.php\/wp-json\/wp\/v2\/types\/page"}],"author":[{"embeddable":true,"href":"https:\/\/tamoz.co.mz\/wp-tamoz\/index.php\/wp-json\/wp\/v2\/users\/1"}],"replies":[{"embeddable":true,"href":"https:\/\/tamoz.co.mz\/wp-tamoz\/index.php\/wp-json\/wp\/v2\/comments?post=50"}],"version-history":[{"count":2,"href":"https:\/\/tamoz.co.mz\/wp-tamoz\/index.php\/wp-json\/wp\/v2\/pages\/50\/revisions"}],"predecessor-version":[{"id":391,"href":"https:\/\/tamoz.co.mz\/wp-tamoz\/index.php\/wp-json\/wp\/v2\/pages\/50\/revisions\/391"}],"wp:attachment":[{"href":"https:\/\/tamoz.co.mz\/wp-tamoz\/index.php\/wp-json\/wp\/v2\/media?parent=50"}],"curies":[{"name":"wp","href":"https:\/\/api.w.org\/{rel}","templated":true}]}}