{"id":2,"date":"2015-09-01T15:16:10","date_gmt":"2015-09-01T15:16:10","guid":{"rendered":"http:\/\/tamoz.co.mz\/wp-tamoz\/?page_id=2"},"modified":"2024-02-26T11:57:01","modified_gmt":"2024-02-26T11:57:01","slug":"home","status":"publish","type":"page","link":"https:\/\/tamoz.co.mz\/wp-tamoz\/index.php\/home\/","title":{"rendered":"Home"},"content":{"rendered":"<p>[vc_row padding_top=&#8221;0&#8243; padding_bottom=&#8221;0&#8243;][vc_column width=&#8221;1\/1&#8243;]<div id=\"content-box-1\" class=\"child-element-shortcode content-box v1 animate-yes ninzio-clearfix columns-4\"><div id=\"box-1\" class=\"box\"><style scoped>#box-1 .icon-wrap {background-color:#00abc8;}.content-box.v1 #box-1:hover {background-color:#00abc8;}.content-box.v1 #box-1:hover .icon-wrap i {color:#00abc8!important;}.content-box #box-1 .icon-wrap-border {border-color:rgba(0,171,200,0.7);}#box-1 .icon-wrap i {color:#ffffff;}<\/style><div class=\"icon-container\"><div class=\"icon-wrap-border\"><div class=\"icon-wrap\"><i class=\"fa fa-home\"><\/i><\/div><\/div><\/div><div class='box-text'><h4 class=\"box-title\">Sobre<\/h4><p class=\"box-content\">A tamoz \u00e9 uma empresa industrial especializada na \u00e1rea de tratamentos de lacagem da superf\u00edcie de perfis de alum\u00ednio, para empresas de constru\u00e7\u00e3o civil e serralharias.<\/p>\n<p><\/p><a href=\"https:\/\/tamoz.co.mz\/wp-tamoz\/index.php\/sobre\/\" class=\"button small box-read-more\">Ler mais<i class=\"fa fa-angle-right\"><\/i><\/a><\/div><\/div><div id=\"box-2\" class=\"box\"><style scoped>#box-2 .icon-wrap {background-color:#00abc8;}.content-box.v1 #box-2:hover {background-color:#00abc8;}.content-box.v1 #box-2:hover .icon-wrap i {color:#00abc8!important;}.content-box #box-2 .icon-wrap-border {border-color:rgba(0,171,200,0.7);}<\/style><div class=\"icon-container\"><div class=\"icon-wrap-border\"><div class=\"icon-wrap\"><i class=\"fa fa-tint\"><\/i><\/div><\/div><\/div><div class='box-text'><h4 class=\"box-title\">Termolacagem<\/h4><p class=\"box-content\">A tamoz disp\u00f5e de duas linhas de lacagem horizontal permitindo com maior rapidez oferecer ao mercado um maior n\u00famero de op\u00e7\u00e3o de cores.<\/p>\n<p><\/p><a href=\"https:\/\/tamoz.co.mz\/wp-tamoz\/index.php\/termolacagem\/\" class=\"button small box-read-more\">Ler mais<i class=\"fa fa-angle-right\"><\/i><\/a><\/div><\/div><div id=\"box-3\" class=\"box\"><style scoped>#box-3 .icon-wrap {background-color:#00abc8;}.content-box.v1 #box-3:hover {background-color:#00abc8;}.content-box.v1 #box-3:hover .icon-wrap i {color:#00abc8!important;}.content-box #box-3 .icon-wrap-border {border-color:rgba(0,171,200,0.7);}<\/style><div class=\"icon-container\"><div class=\"icon-wrap-border\"><div class=\"icon-wrap\"><i class=\"fa fa-cubes\"><\/i><\/div><\/div><\/div><div class='box-text'><h4 class=\"box-title\">Embalagem<\/h4><p class=\"box-content\">A tamoz possui colaboradores formados para efetuarem uma embalagem totalmente personalizada, de acordo com os requisitos do cliente ou exig\u00eancias do pr\u00f3prio perfil.<\/p>\n<p><\/p><a href=\"https:\/\/tamoz.co.mz\/wp-tamoz\/index.php\/embalagem\/\" class=\"button small box-read-more\">Ler mais<i class=\"fa fa-angle-right\"><\/i><\/a><\/div><\/div><div id=\"box-4\" class=\"box\"><style scoped>#box-4 .icon-wrap {background-color:#00abc8;}.content-box.v1 #box-4:hover {background-color:#00abc8;}.content-box.v1 #box-4:hover .icon-wrap i {color:#00abc8!important;}.content-box #box-4 .icon-wrap-border {border-color:rgba(0,171,200,0.7);}<\/style><div class=\"icon-container\"><div class=\"icon-wrap-border\"><div class=\"icon-wrap\"><i class=\"fa fa-check-square-o\"><\/i><\/div><\/div><\/div><div class='box-text'><h4 class=\"box-title\">Qualidade<\/h4><p class=\"box-content\">Utilizando mat\u00e9rias-primas das principais marcas europeias de p\u00f3s de tintas e afins, a tamoz serve-se de uma equipa t\u00e9cnica com larga experi\u00eancia no sector.<\/p>\n<p><\/p><a href=\"https:\/\/tamoz.co.mz\/wp-tamoz\/index.php\/qualidade\/\" class=\"button small box-read-more\">Ler mais<i class=\"fa fa-angle-right\"><\/i><\/a><\/div><\/div><\/div>[\/vc_column][\/vc_row][vc_row full_width=&#8221;yes&#8221; padding_top=&#8221;5&#8243; padding_bottom=&#8221;0&#8243;][vc_column width=&#8221;1\/1&#8243;]<div id=\"slide_servicos\" data-id=\"slider-section-1\" class=\"slider-section ninzio-carousel ca-container ninzio-clearfix carousel-yes autoplay-yes bullets-yes arrows-no bullets-left\"><div class=\"ca-controls hidden ninzio-clearfix\"><span class=\"ca-nav-prev\">Previous<\/span><span class=\"ca-nav-next\">Pr\u00f3x<\/span><\/div><div class=\"carousel-container-wrapper\"><div class=\"carousel-container ca-wrapper ninzio-clearfix  columns columns-1\"><div class=\"ca-item carousel-item slider-section-item\" style=\"padding-top:100px; padding-bottom:100px;-webkit-background-size: cover !important; -moz-background-size: cover !important; background-size: cover !important;background-image:url(https:\/\/tamoz.co.mz\/wp-tamoz\/wp-content\/uploads\/2015\/09\/F-NAVARRA0832-e1441967727641.jpg);background-repeat:no-repeat;background-position:left top;background-attachment:scroll;\"><div class=\"container ninzio-clearfix\"><\/p>\n<h2 style=\"text-align: left;\"><span style=\"color: #ffffff;\"><br \/>\n<strong><br \/>\n<span class=\"ninzio-font-size\" style=\"font-size: 54px !important; line-height: 66px !important;\">CAT\u00c1LOGO CORES<\/span><\/strong><br \/>\n<\/span><\/h2>\n<a class=\"button medium \" style=\"\" href=\"https:\/\/tamoz.co.mz\/wp-tamoz\/index.php\/termolacagem\/\" target=\"_self\">Mais Info.<\/a><\/div><\/div><div class=\"ca-item carousel-item slider-section-item\" style=\"padding-top:100px; padding-bottom:100px;-webkit-background-size: cover !important; -moz-background-size: cover !important; background-size: cover !important;background-image:url(https:\/\/tamoz.co.mz\/wp-tamoz\/wp-content\/uploads\/2015\/09\/TAMOZ_WEBSITE_IMAGENS_EMBALAGEM1.jpg);background-repeat:no-repeat;background-position:left top;background-attachment:scroll;\"><div class=\"container ninzio-clearfix\"><\/p>\n<h2 style=\"text-align: left;\"><span style=\"color: #ffffff;\"><br \/>\n<strong><br \/>\n<span class=\"ninzio-font-size\" style=\"font-size: 54px !important; line-height: 66px !important;\">EMBALAGEM<\/span><\/strong><br \/>\n<\/span><\/h2>\n<a class=\"button medium \" style=\"\" href=\"https:\/\/tamoz.co.mz\/wp-tamoz\/index.php\/embalagem\/\" target=\"_self\">Mais Info.<\/a><\/div><\/div><div class=\"ca-item carousel-item slider-section-item\" style=\"padding-top:100px; padding-bottom:100px;-webkit-background-size: cover !important; -moz-background-size: cover !important; background-size: cover !important;background-image:url(https:\/\/tamoz.co.mz\/wp-tamoz\/wp-content\/uploads\/2015\/09\/TAMOZ_WEBSITE_IMAGENS_QUALIDADE.jpg);background-repeat:no-repeat;background-position:left top;background-attachment:scroll;\"><div class=\"container ninzio-clearfix\"><\/p>\n<h2 style=\"text-align: left;\"><span style=\"color: #ffffff;\"><br \/>\n<strong><br \/>\n<span class=\"ninzio-font-size\" style=\"font-size: 54px !important; line-height: 66px !important;\">QUALIDADE<\/span><\/strong><br \/>\n<\/span><\/h2>\n<a class=\"button medium \" style=\"\" href=\"https:\/\/tamoz.co.mz\/wp-tamoz\/index.php\/qualidade\/\" target=\"_self\">Mais Info.<\/a><\/div><\/div><\/div><\/div><div class=\"ca-bullets hidden ninzio-clearfix\"><div class=\"container\"><\/div><\/div><\/div>[\/vc_column][\/vc_row][vc_row full_width=&#8221;yes&#8221; padding_top=&#8221;0&#8243; padding_bottom=&#8221;0&#8243;][vc_column width=&#8221;1\/1&#8243;]<div style=\"color:#ffffff;background-color:#00abc8;\" id=\"tagline-1\" class=\"tagline shortcode ninzio-clearfix\"><style scoped>#tagline-1 .button:hover {background-color:#ffffff!important;border-color:#ffffff!important;color:#00abc8!important;}<\/style><div class=\"container\"><div class=\"tagline-co tagline-title\"><h2>Pretende dar in\u00edcio a um processo de encomenda? Fale connosco!<\/h2><\/div><div class=\"tagline-co\"><a class=\"tagline-button button\" style=\"color:#ffffff;border-color:#ffffff;\" href=\"https:\/\/tamoz.co.mz\/wp-tamoz\/index.php\/contatos\/\">Contacte-nos<\/a><\/div><\/div><\/div>[\/vc_column][\/vc_row][vc_row full_width=&#8221;yes&#8221; padding_top=&#8221;0&#8243; padding_bottom=&#8221;10&#8243;][vc_column width=&#8221;1\/1&#8243;]<div id=\"slide_resp\" data-id=\"slider-section-2\" class=\"slider-section ninzio-carousel ca-container ninzio-clearfix carousel-yes autoplay-yes bullets-yes arrows-no bullets-left\"><style scoped>#slider-section-2 .ca-bullets span {background-color:#ffffff;} #slider-section-2 .ca-bullets span.current-bullet {border-color:#ffffff;background-color:transparent;}<\/style><div class=\"ca-controls hidden ninzio-clearfix\"><span class=\"ca-nav-prev\">Previous<\/span><span class=\"ca-nav-next\">Pr\u00f3x<\/span><\/div><div class=\"carousel-container-wrapper\"><div class=\"carousel-container ca-wrapper ninzio-clearfix  columns columns-1\"><div class=\"ca-item carousel-item slider-section-item\" style=\"padding-top:100px; padding-bottom:100px;-webkit-background-size: cover !important; -moz-background-size: cover !important; background-size: cover !important;background-image:url(https:\/\/tamoz.co.mz\/wp-tamoz\/wp-content\/uploads\/2015\/09\/TAMOZ_WEBSITE_IMAGENS_RESP-SOCIAL.jpg);background-repeat:no-repeat;background-position:left top;background-attachment:scroll;\"><div class=\"container ninzio-clearfix\"><\/p>\n<h2 style=\"text-align: left;\"><span style=\"color: #ffffff;\"><br \/>\n<strong><br \/>\n<span class=\"ninzio-font-size\" style=\"font-size: 54px !important; line-height: 66px !important;\">RESPONSABILIDADE SOCIAL<\/span><br \/>\n<\/strong><br \/>\n<\/span><\/h2>\n<a class=\"button medium \" style=\"\" href=\"https:\/\/tamoz.co.mz\/wp-tamoz\/index.php\/responsabilidade\/\" target=\"_self\">Mais Info.<\/a><\/div><\/div><div class=\"ca-item carousel-item slider-section-item\" style=\"padding-top:100px; padding-bottom:100px;-webkit-background-size: cover !important; -moz-background-size: cover !important; background-size: cover !important;background-image:url(https:\/\/tamoz.co.mz\/wp-tamoz\/wp-content\/uploads\/2015\/09\/TAMOZ_WEBSITE_IMAGENS_RESP-AMBIENTAL.jpg);background-repeat:no-repeat;background-position:left top;background-attachment:scroll;\"><div class=\"container ninzio-clearfix\"><\/p>\n<h2 style=\"text-align: left;\"><span style=\"color: #ffffff;\"><br \/>\n<strong><br \/>\n<\/strong><strong><span class=\"ninzio-font-size\" style=\"font-size: 54px ! important; line-height: 66px ! important;\">RESPONSABILIDADE AMBIENTAL<\/span><\/strong><strong><br \/>\n<\/strong><br \/>\n<\/span><\/h2>\n<a class=\"button medium \" style=\"\" href=\"https:\/\/tamoz.co.mz\/wp-tamoz\/index.php\/responsabilidade\/\" target=\"_self\">Mais Info.<\/a><\/div><\/div><\/div><\/div><div class=\"ca-bullets hidden ninzio-clearfix\"><div class=\"container\"><\/div><\/div><\/div>[\/vc_column][\/vc_row][vc_row padding_bottom=&#8221;0&#8243;][vc_column width=&#8221;1\/2&#8243;][vc_column_text animate=&#8221;yes&#8221;]<\/p>\n<h3>FORMUL\u00c1RIO DE CONTACTO<\/h3>\n<div class=\"splitter ninzio-clearfix dashed-thin\" style=\"margin-top: 10px; margin-bottom: 25px; border-bottom-color: #dddddd;\"><\/div>\n<div role=\"form\" class=\"wpcf7\" id=\"wpcf7-f9-o1\" lang=\"pt-PT\" dir=\"ltr\">\n<div class=\"screen-reader-response\"><p role=\"status\" aria-live=\"polite\" aria-atomic=\"true\"><\/p> <ul><\/ul><\/div>\n<form action=\"\/wp-tamoz\/index.php\/wp-json\/wp\/v2\/pages\/2#wpcf7-f9-o1\" method=\"post\" class=\"wpcf7-form init\" novalidate=\"novalidate\" data-status=\"init\">\n<div style=\"display: none;\">\n<input type=\"hidden\" name=\"_wpcf7\" value=\"9\" \/>\n<input type=\"hidden\" name=\"_wpcf7_version\" value=\"5.4.2\" \/>\n<input type=\"hidden\" name=\"_wpcf7_locale\" value=\"pt_PT\" \/>\n<input type=\"hidden\" name=\"_wpcf7_unit_tag\" value=\"wpcf7-f9-o1\" \/>\n<input type=\"hidden\" name=\"_wpcf7_container_post\" value=\"0\" \/>\n<input type=\"hidden\" name=\"_wpcf7_posted_data_hash\" value=\"\" \/>\n<\/div>\n<p>O seu nome (obrigat\u00f3rio)<br \/>\n    <span class=\"wpcf7-form-control-wrap your-name\"><input type=\"text\" name=\"your-name\" value=\"\" size=\"40\" class=\"wpcf7-form-control wpcf7-text wpcf7-validates-as-required\" aria-required=\"true\" aria-invalid=\"false\" \/><\/span> <\/p>\n<p>Empresa <br \/>\n    <span class=\"wpcf7-form-control-wrap empresa\"><input type=\"text\" name=\"empresa\" value=\"\" size=\"40\" class=\"wpcf7-form-control wpcf7-text\" aria-invalid=\"false\" \/><\/span> <\/p>\n<p>Atividade<br \/>\n    <span class=\"wpcf7-form-control-wrap atividade\"><input type=\"text\" name=\"atividade\" value=\"\" size=\"40\" class=\"wpcf7-form-control wpcf7-text\" aria-invalid=\"false\" \/><\/span> <\/p>\n<p>O seu email (obrigat\u00f3rio)<br \/>\n    <span class=\"wpcf7-form-control-wrap your-email\"><input type=\"email\" name=\"your-email\" value=\"\" size=\"40\" class=\"wpcf7-form-control wpcf7-text wpcf7-email wpcf7-validates-as-required wpcf7-validates-as-email\" aria-required=\"true\" aria-invalid=\"false\" \/><\/span> <\/p>\n<p>Assunto<br \/>\n    <span class=\"wpcf7-form-control-wrap your-subject\"><input type=\"text\" name=\"your-subject\" value=\"\" size=\"40\" class=\"wpcf7-form-control wpcf7-text\" aria-invalid=\"false\" \/><\/span> <\/p>\n<p>A sua mensagem<br \/>\n    <span class=\"wpcf7-form-control-wrap your-message\"><textarea name=\"your-message\" cols=\"40\" rows=\"10\" class=\"wpcf7-form-control wpcf7-textarea\" aria-invalid=\"false\"><\/textarea><\/span> <\/p>\n<p><span class=\"wpcf7-form-control-wrap acceptance-485\"><span class=\"wpcf7-form-control wpcf7-acceptance optional\"><span class=\"wpcf7-list-item\"><label><input type=\"checkbox\" name=\"acceptance-485\" value=\"1\" aria-invalid=\"false\" \/><span class=\"wpcf7-list-item-label\">Autorizo o tratamento dos meus dados pessoais para receber informa\u00e7\u00f5es acerca do Grupo Navarra, por e-mail ou em formato newsletter, com destaque de servi\u00e7os, produtos e\/ou eventos.<\/span><\/label><\/span><\/span><\/span><\/p>\n<p>Para mais informa\u00e7\u00e3o, consulte a nossa politica de privacidade <a href=\"https:\/\/tamoz.co.mz\/wp-tamoz\/wp-content\/uploads\/2021\/04\/POLITICA_PRIVACIDADE.pdf\">aqui<\/a><\/p>\n<p><input type=\"submit\" value=\"Enviar\" class=\"wpcf7-form-control wpcf7-submit\" \/><\/p>\n<div class=\"wpcf7-response-output\" aria-hidden=\"true\"><\/div><\/form><\/div>[\/vc_column_text][\/vc_column][vc_column last=&#8221;yes&#8221; width=&#8221;1\/2&#8243;][vc_column_text animate=&#8221;yes&#8221;]<\/p>\n<h3>CONTACTOS<\/h3>\n<div class=\"splitter ninzio-clearfix dashed-thin\" style=\"margin-top: 10px; margin-bottom: 25px; border-bottom-color: #dddddd;\"><\/div>\n<p><span style=\"font-size: 13px;\">TAMOZ \u2013 TRATAMENTO DE ALUM\u00cdNIO DE MO\u00c7AMBIQUE, LDA.<\/span><br \/>\nParcela n\u00ba 654\/12\/B do Foral da Matola<br \/>\nMo\u00e7ambique<\/p>\n<p>Tel. (+258) 849404303<\/p>\n<p>Email: <a href=\"mailto:info@tamoz.co.mz\">info@tamoz.co.mz<\/a><br \/>\n<a href=\"http:\/\/www.tamoz.co.mz\">www.tamoz.co.mz<\/a><\/p>\n<h3>NEWSLETTER<\/h3>\n<div class=\"splitter ninzio-clearfix dashed-thin\" style=\"margin-top: 10px; margin-bottom: 25px; border-bottom-color: #dddddd;\"><\/div>\n<div class=\"widget_wysija_cont shortcode_wysija\"><div id=\"msg-form-wysija-shortcode69f5fecad97b9-1\" class=\"wysija-msg ajax\"><\/div><form id=\"form-wysija-shortcode69f5fecad97b9-1\" method=\"post\" action=\"#wysija\" class=\"widget_wysija shortcode_wysija\">\n<p class=\"wysija-paragraph\">\n    \n    \n    \t<input type=\"text\" name=\"wysija[user][email]\" class=\"wysija-input validate[required,custom[email]]\" title=\"Email\" placeholder=\"Email\" value=\"\" \/>\n    \n    \n    \n    <span class=\"abs-req\">\n        <input type=\"text\" name=\"wysija[user][abs][email]\" class=\"wysija-input validated[abs][email]\" value=\"\" \/>\n    <\/span>\n    \n<\/p>\n\r\n<input class=\"wysija-submit wysija-submit-field\" type=\"submit\" value=\"OK\" \/>\n\n    <input type=\"hidden\" name=\"form_id\" value=\"1\" \/>\n    <input type=\"hidden\" name=\"action\" value=\"save\" \/>\n    <input type=\"hidden\" name=\"controller\" value=\"subscribers\" \/>\n    <input type=\"hidden\" value=\"1\" name=\"wysija-page\" \/>\n\n    \n        <input type=\"hidden\" name=\"wysija[user_list][list_ids]\" value=\"3\" \/>\n    \n <\/form><\/div>[\/vc_column_text][\/vc_column][\/vc_row][vc_row full_width=&#8221;yes&#8221; padding_top=&#8221;0&#8243; padding_bottom=&#8221;0&#8243;][vc_column width=&#8221;1\/1&#8243;]<div id=\"gmap-canvas-1\" class=\"map-canvas shortcode\" style=\"width:100%;height:280px;\" ><script type=\"text\/javascript\">\r\n\t\t\t\t\tjQuery(document).on(\"ready\", function(){\r\n\r\n\t\t\t\t\t\tvar styleArray = [\r\n\t\t\t\t\t\t    {\r\n\t\t\t\t\t\t        \"featureType\": \"landscape\",\r\n\t\t\t\t\t\t        \"stylers\": [\r\n\t\t\t\t\t\t            {\"saturation\": -100},\r\n\t\t\t\t\t\t            {\"lightness\": 65},\r\n\t\t\t\t\t\t            {\"visibility\": \"on\"}\r\n\t\t\t\t\t\t        ]\r\n\t\t\t\t\t\t    },\r\n\t\t\t\t\t\t    {\r\n\t\t\t\t\t\t        \"featureType\": \"poi\",\r\n\t\t\t\t\t\t        \"stylers\": [\r\n\t\t\t\t\t\t            {\"saturation\": -100},\r\n\t\t\t\t\t\t            {\"lightness\": 51},\r\n\t\t\t\t\t\t            {\"visibility\": \"simplified\"}\r\n\t\t\t\t\t\t        ]\r\n\t\t\t\t\t\t    },\r\n\t\t\t\t\t\t    {\r\n\t\t\t\t\t\t        \"featureType\": \"road.highway\",\r\n\t\t\t\t\t\t        \"stylers\": [\r\n\t\t\t\t\t\t            {\"saturation\": -100},\r\n\t\t\t\t\t\t            {\"visibility\": \"simplified\"}\r\n\t\t\t\t\t\t        ]\r\n\t\t\t\t\t\t    },\r\n\t\t\t\t\t\t    {\r\n\t\t\t\t\t\t        \"featureType\": \"road.arterial\",\r\n\t\t\t\t\t\t        \"stylers\": [\r\n\t\t\t\t\t\t            {\"saturation\": -100},\r\n\t\t\t\t\t\t            {\"lightness\": 30},\r\n\t\t\t\t\t\t            {\"visibility\": \"on\"}\r\n\t\t\t\t\t\t        ]\r\n\t\t\t\t\t\t    },\r\n\t\t\t\t\t\t    {\r\n\t\t\t\t\t\t        \"featureType\": \"road.local\",\r\n\t\t\t\t\t\t        \"stylers\": [\r\n\t\t\t\t\t\t            {\"saturation\": -100},\r\n\t\t\t\t\t\t            {\"lightness\": 40},\r\n\t\t\t\t\t\t            {\"visibility\": \"on\"}\r\n\t\t\t\t\t\t        ]\r\n\t\t\t\t\t\t    },\r\n\t\t\t\t\t\t    {\r\n\t\t\t\t\t\t        \"featureType\": \"transit\",\r\n\t\t\t\t\t\t        \"stylers\": [\r\n\t\t\t\t\t\t            {\"saturation\": -100},\r\n\t\t\t\t\t\t            {\"visibility\": \"simplified\"}\r\n\t\t\t\t\t\t        ]\r\n\t\t\t\t\t\t    },\r\n\t\t\t\t\t\t    {\r\n\t\t\t\t\t\t        \"featureType\": \"administrative.province\",\r\n\t\t\t\t\t\t        \"stylers\": [\r\n\t\t\t\t\t\t            {\"visibility\": \"off\"}\r\n\t\t\t\t\t\t        ]\r\n\t\t\t\t\t\t    },\r\n\t\t\t\t\t\t    {\r\n\t\t\t\t\t\t        \"featureType\": \"water\",\r\n\t\t\t\t\t\t        \"elementType\": \"labels\",\r\n\t\t\t\t\t\t        \"stylers\": [\r\n\t\t\t\t\t\t            {\"visibility\": \"on\"},\r\n\t\t\t\t\t\t            { \"lightness\": -25 },\r\n\t\t\t\t\t\t            { \"saturation\": -100}\r\n\t\t\t\t\t\t        ]\r\n\t\t\t\t\t\t    },\r\n\t\t\t\t\t\t    {\r\n\t\t\t\t\t\t        \"featureType\": \"water\",\r\n\t\t\t\t\t\t        \"elementType\": \"geometry\",\r\n\t\t\t\t\t\t        \"stylers\": [\r\n\t\t\t\t\t\t            {\"hue\": \"#ffff00\"},\r\n\t\t\t\t\t\t            {\"lightness\": -25},\r\n\t\t\t\t\t\t            {\"saturation\": -97}\r\n\t\t\t\t\t\t        ]\r\n\t\t\t\t\t\t    }\r\n\t\t\t\t\t\t];var iconBase = \"\";var options = { center: new google.maps.LatLng(-25.878053, 32.435439),zoom: 15, mapTypeId: google.maps.MapTypeId.ROADMAP, scrollwheel: false};\r\n\t\t\t\t\t\tvar map = new google.maps.Map(document.getElementById(\"gmap-canvas-1\"), options);\r\n\t\t\t\t\t\tvar marker = new google.maps.Marker({ position: new google.maps.LatLng(-25.878053, 32.435439), map: map, icon: iconBase});\r\n\r\n\t\t\t\t\t});<\/script><\/div>[\/vc_column][\/vc_row]<\/p>\n","protected":false},"excerpt":{"rendered":"<p>[vc_row padding_top=&#8221;0&#8243; padding_bottom=&#8221;0&#8243;][vc_column width=&#8221;1\/1&#8243;][\/vc_column][\/vc_row][vc_row full_width=&#8221;yes&#8221; padding_top=&#8221;5&#8243; padding_bottom=&#8221;0&#8243;][vc_column width=&#8221;1\/1&#8243;][\/vc_column][\/vc_row][vc_row full_width=&#8221;yes&#8221; padding_top=&#8221;0&#8243; padding_bottom=&#8221;0&#8243;][vc_column width=&#8221;1\/1&#8243;][\/vc_column][\/vc_row][vc_row full_width=&#8221;yes&#8221; padding_top=&#8221;0&#8243; padding_bottom=&#8221;10&#8243;][vc_column width=&#8221;1\/1&#8243;][\/vc_column][\/vc_row][vc_row padding_bottom=&#8221;0&#8243;][vc_column width=&#8221;1\/2&#8243;][vc_column_text animate=&#8221;yes&#8221;] FORMUL\u00c1RIO DE CONTACTO [\/vc_column_text][\/vc_column][vc_column last=&#8221;yes&#8221; width=&#8221;1\/2&#8243;][vc_column_text animate=&#8221;yes&#8221;] CONTACTOS TAMOZ \u2013 TRATAMENTO DE ALUM\u00cdNIO DE MO\u00c7AMBIQUE, LDA. Parcela n\u00ba 654\/12\/B do Foral da Matola Mo\u00e7ambique Tel. (+258) 849404303 Email: info@tamoz.co.mz www.tamoz.co.mz NEWSLETTER [\/vc_column_text][\/vc_column][\/vc_row][vc_row full_width=&#8221;yes&#8221; padding_top=&#8221;0&#8243; padding_bottom=&#8221;0&#8243;][vc_column width=&#8221;1\/1&#8243;][\/vc_column][\/vc_row]<\/p>\n","protected":false},"author":1,"featured_media":0,"parent":0,"menu_order":0,"comment_status":"open","ping_status":"open","template":"","meta":[],"_links":{"self":[{"href":"https:\/\/tamoz.co.mz\/wp-tamoz\/index.php\/wp-json\/wp\/v2\/pages\/2"}],"collection":[{"href":"https:\/\/tamoz.co.mz\/wp-tamoz\/index.php\/wp-json\/wp\/v2\/pages"}],"about":[{"href":"https:\/\/tamoz.co.mz\/wp-tamoz\/index.php\/wp-json\/wp\/v2\/types\/page"}],"author":[{"embeddable":true,"href":"https:\/\/tamoz.co.mz\/wp-tamoz\/index.php\/wp-json\/wp\/v2\/users\/1"}],"replies":[{"embeddable":true,"href":"https:\/\/tamoz.co.mz\/wp-tamoz\/index.php\/wp-json\/wp\/v2\/comments?post=2"}],"version-history":[{"count":167,"href":"https:\/\/tamoz.co.mz\/wp-tamoz\/index.php\/wp-json\/wp\/v2\/pages\/2\/revisions"}],"predecessor-version":[{"id":480,"href":"https:\/\/tamoz.co.mz\/wp-tamoz\/index.php\/wp-json\/wp\/v2\/pages\/2\/revisions\/480"}],"wp:attachment":[{"href":"https:\/\/tamoz.co.mz\/wp-tamoz\/index.php\/wp-json\/wp\/v2\/media?parent=2"}],"curies":[{"name":"wp","href":"https:\/\/api.w.org\/{rel}","templated":true}]}}